{"id":85,"date":"2023-11-07T17:06:35","date_gmt":"2023-11-07T16:06:35","guid":{"rendered":"https:\/\/intechfinestre.it\/?page_id=85"},"modified":"2023-11-08T12:17:40","modified_gmt":"2023-11-08T11:17:40","slug":"texture","status":"publish","type":"page","link":"https:\/\/intechfinestre.it\/index.php\/texture\/","title":{"rendered":"Texture"},"content":{"rendered":"<section class=\"wpb-content-wrapper\"><p>[vc_row content_placement=&#8221;middle&#8221; css=&#8221;.vc_custom_1699442258883{padding-top: 100px !important;padding-bottom: 80px !important;}&#8221;][vc_column width=&#8221;1\/2&#8243;][vc_column_text css_animation=&#8221;fadeInLeft&#8221;]<\/p>\n<p class=\"p1\"><b>Intech, grazie alla collaborazione con Kromoss, societ\u00e0 leader nella verniciatura industriale dei profili in alluminio, offre su alcune finiture il trattamento testurizzato.<\/b><\/p>\n<p class=\"p1\">Questa finitura opaca risulta sempre pi\u00f9 richiesta, perch\u00e9 in grado di nascondere le imperfezioni superficiali del substrato, rendendolo la soluzione ideale per persiane ad uso domestico.\u200b<\/p>\n<p class=\"p1\">L\u2019innovativa gamma di vernici in polvere goffrata soddisfa i pi\u00f9 alti standard di resistenza meccanica e durabilit\u00e0, riducendo la necessit\u00e0 di manutenzione.\u200b<\/p>\n<p class=\"p1\">La gamma Texture permette di esaltare il colore, conferendo un aspetto pi\u00f9 caldo di una finitura liscia nella stessa tonalit\u00e0.<\/p>\n<p>[\/vc_column_text][\/vc_column][vc_column width=&#8221;1\/12&#8243;][\/vc_column][vc_column width=&#8221;5\/12&#8243;][vc_single_image image=&#8221;9&#8243; img_size=&#8221;large&#8221; alignment=&#8221;center&#8221; css_animation=&#8221;zoomIn&#8221;][\/vc_column][\/vc_row]<\/p>\n<\/section>","protected":false},"excerpt":{"rendered":"<p>[vc_row content_placement=&#8221;middle&#8221; css=&#8221;.vc_custom_1699442258883{padding-top: 100px !important;padding-bottom: 80px !important;}&#8221;][vc_column width=&#8221;1\/2&#8243;][vc_column_text css_animation=&#8221;fadeInLeft&#8221;] Intech, grazie alla collaborazione con Kromoss, societ\u00e0 leader nella verniciatura industriale dei profili in alluminio, offre su alcune finiture il trattamento testurizzato. Questa finitura opaca risulta sempre pi\u00f9 richiesta, perch\u00e9 in grado di nascondere le imperfezioni superficiali del substrato, rendendolo la soluzione ideale per persiane ad [&hellip;]<\/p>\n","protected":false},"author":1,"featured_media":0,"parent":0,"menu_order":4,"comment_status":"closed","ping_status":"closed","template":"template_default.php","meta":{"footnotes":""},"class_list":["post-85","page","type-page","status-publish","hentry"],"acf":[],"yoast_head":"<!-- This site is optimized with the Yoast SEO plugin v25.9 - https:\/\/yoast.com\/wordpress\/plugins\/seo\/ -->\n<title>Texture - inTech S.r.l.<\/title>\n<meta name=\"robots\" content=\"index, follow, max-snippet:-1, max-image-preview:large, max-video-preview:-1\" \/>\n<link rel=\"canonical\" href=\"https:\/\/intechfinestre.it\/index.php\/plus__trashed\/texture\/\" \/>\n<meta property=\"og:locale\" content=\"it_IT\" \/>\n<meta property=\"og:type\" content=\"article\" \/>\n<meta property=\"og:title\" content=\"Texture - inTech S.r.l.\" \/>\n<meta property=\"og:description\" content=\"[vc_row content_placement=&#8221;middle&#8221; css=&#8221;.vc_custom_1699442258883{padding-top: 100px !important;padding-bottom: 80px !important;}&#8221;][vc_column width=&#8221;1\/2&#8243;][vc_column_text css_animation=&#8221;fadeInLeft&#8221;] Intech, grazie alla collaborazione con Kromoss, societ\u00e0 leader nella verniciatura industriale dei profili in alluminio, offre su alcune finiture il trattamento testurizzato. Questa finitura opaca risulta sempre pi\u00f9 richiesta, perch\u00e9 in grado di nascondere le imperfezioni superficiali del substrato, rendendolo la soluzione ideale per persiane ad [&hellip;]\" \/>\n<meta property=\"og:url\" content=\"https:\/\/intechfinestre.it\/index.php\/plus__trashed\/texture\/\" \/>\n<meta property=\"og:site_name\" content=\"inTech S.r.l.\" \/>\n<meta property=\"article:modified_time\" content=\"2023-11-08T11:17:40+00:00\" \/>\n<meta name=\"twitter:card\" content=\"summary_large_image\" \/>\n<meta name=\"twitter:label1\" content=\"Tempo di lettura stimato\" \/>\n\t<meta name=\"twitter:data1\" content=\"1 minuto\" \/>\n<script type=\"application\/ld+json\" class=\"yoast-schema-graph\">{\"@context\":\"https:\/\/schema.org\",\"@graph\":[{\"@type\":\"WebPage\",\"@id\":\"https:\/\/intechfinestre.it\/index.php\/plus__trashed\/texture\/\",\"url\":\"https:\/\/intechfinestre.it\/index.php\/plus__trashed\/texture\/\",\"name\":\"Texture - inTech S.r.l.\",\"isPartOf\":{\"@id\":\"https:\/\/intechfinestre.it\/#website\"},\"datePublished\":\"2023-11-07T16:06:35+00:00\",\"dateModified\":\"2023-11-08T11:17:40+00:00\",\"inLanguage\":\"it-IT\",\"potentialAction\":[{\"@type\":\"ReadAction\",\"target\":[\"https:\/\/intechfinestre.it\/index.php\/plus__trashed\/texture\/\"]}]},{\"@type\":\"WebSite\",\"@id\":\"https:\/\/intechfinestre.it\/#website\",\"url\":\"https:\/\/intechfinestre.it\/\",\"name\":\"inTech S.r.l.\",\"description\":\"Finestre Persiane Innovazione\",\"potentialAction\":[{\"@type\":\"SearchAction\",\"target\":{\"@type\":\"EntryPoint\",\"urlTemplate\":\"https:\/\/intechfinestre.it\/?s={search_term_string}\"},\"query-input\":{\"@type\":\"PropertyValueSpecification\",\"valueRequired\":true,\"valueName\":\"search_term_string\"}}],\"inLanguage\":\"it-IT\"}]}<\/script>\n<!-- \/ Yoast SEO plugin. -->","yoast_head_json":{"title":"Texture - inTech S.r.l.","robots":{"index":"index","follow":"follow","max-snippet":"max-snippet:-1","max-image-preview":"max-image-preview:large","max-video-preview":"max-video-preview:-1"},"canonical":"https:\/\/intechfinestre.it\/index.php\/plus__trashed\/texture\/","og_locale":"it_IT","og_type":"article","og_title":"Texture - inTech S.r.l.","og_description":"[vc_row content_placement=&#8221;middle&#8221; css=&#8221;.vc_custom_1699442258883{padding-top: 100px !important;padding-bottom: 80px !important;}&#8221;][vc_column width=&#8221;1\/2&#8243;][vc_column_text css_animation=&#8221;fadeInLeft&#8221;] Intech, grazie alla collaborazione con Kromoss, societ\u00e0 leader nella verniciatura industriale dei profili in alluminio, offre su alcune finiture il trattamento testurizzato. Questa finitura opaca risulta sempre pi\u00f9 richiesta, perch\u00e9 in grado di nascondere le imperfezioni superficiali del substrato, rendendolo la soluzione ideale per persiane ad [&hellip;]","og_url":"https:\/\/intechfinestre.it\/index.php\/plus__trashed\/texture\/","og_site_name":"inTech S.r.l.","article_modified_time":"2023-11-08T11:17:40+00:00","twitter_card":"summary_large_image","twitter_misc":{"Tempo di lettura stimato":"1 minuto"},"schema":{"@context":"https:\/\/schema.org","@graph":[{"@type":"WebPage","@id":"https:\/\/intechfinestre.it\/index.php\/plus__trashed\/texture\/","url":"https:\/\/intechfinestre.it\/index.php\/plus__trashed\/texture\/","name":"Texture - inTech S.r.l.","isPartOf":{"@id":"https:\/\/intechfinestre.it\/#website"},"datePublished":"2023-11-07T16:06:35+00:00","dateModified":"2023-11-08T11:17:40+00:00","inLanguage":"it-IT","potentialAction":[{"@type":"ReadAction","target":["https:\/\/intechfinestre.it\/index.php\/plus__trashed\/texture\/"]}]},{"@type":"WebSite","@id":"https:\/\/intechfinestre.it\/#website","url":"https:\/\/intechfinestre.it\/","name":"inTech S.r.l.","description":"Finestre Persiane Innovazione","potentialAction":[{"@type":"SearchAction","target":{"@type":"EntryPoint","urlTemplate":"https:\/\/intechfinestre.it\/?s={search_term_string}"},"query-input":{"@type":"PropertyValueSpecification","valueRequired":true,"valueName":"search_term_string"}}],"inLanguage":"it-IT"}]}},"_links":{"self":[{"href":"https:\/\/intechfinestre.it\/index.php\/wp-json\/wp\/v2\/pages\/85","targetHints":{"allow":["GET"]}}],"collection":[{"href":"https:\/\/intechfinestre.it\/index.php\/wp-json\/wp\/v2\/pages"}],"about":[{"href":"https:\/\/intechfinestre.it\/index.php\/wp-json\/wp\/v2\/types\/page"}],"author":[{"embeddable":true,"href":"https:\/\/intechfinestre.it\/index.php\/wp-json\/wp\/v2\/users\/1"}],"replies":[{"embeddable":true,"href":"https:\/\/intechfinestre.it\/index.php\/wp-json\/wp\/v2\/comments?post=85"}],"version-history":[{"count":7,"href":"https:\/\/intechfinestre.it\/index.php\/wp-json\/wp\/v2\/pages\/85\/revisions"}],"predecessor-version":[{"id":131,"href":"https:\/\/intechfinestre.it\/index.php\/wp-json\/wp\/v2\/pages\/85\/revisions\/131"}],"wp:attachment":[{"href":"https:\/\/intechfinestre.it\/index.php\/wp-json\/wp\/v2\/media?parent=85"}],"curies":[{"name":"wp","href":"https:\/\/api.w.org\/{rel}","templated":true}]}}