{"id":83,"date":"2023-11-07T17:06:15","date_gmt":"2023-11-07T16:06:15","guid":{"rendered":"https:\/\/intechfinestre.it\/?page_id=83"},"modified":"2023-11-13T15:24:07","modified_gmt":"2023-11-13T14:24:07","slug":"seaside","status":"publish","type":"page","link":"https:\/\/intechfinestre.it\/index.php\/seaside\/","title":{"rendered":"Seaside"},"content":{"rendered":"<section class=\"wpb-content-wrapper\"><p>[vc_row equal_height=&#8221;yes&#8221; content_placement=&#8221;middle&#8221; css=&#8221;.vc_custom_1699439879367{padding-top: 100px !important;padding-bottom: 80px !important;}&#8221;][vc_column width=&#8221;1\/2&#8243;][vc_single_image image=&#8221;119&#8243; img_size=&#8221;large&#8221; alignment=&#8221;center&#8221; css_animation=&#8221;zoomIn&#8221;][\/vc_column][vc_column width=&#8221;1\/12&#8243;][\/vc_column][vc_column width=&#8221;5\/12&#8243;][vc_column_text css_animation=&#8221;fadeInRight&#8221;]<\/p>\n<h2>Il trattamento Seaside<\/h2>\n<p>Applicato alla verniciatura e alle decorazioni dei profili in alluminio, \u00e8 ideale nelle zone altamente industrializzate, nei centri urbani e nelle localit\u00e0 marine, grazie alla sua capacit\u00e0 di ridurre l\u2019azione aggressiva degli agenti atmosferici.<\/p>\n<p>Si tratta di un processo chimico che prevede il <strong>decapaggio<\/strong>, tramite apposite sostanze acide, della superficie dei profili in alluminio, allo scopo di dare <strong>maggior protezione<\/strong> contro il rischio di corrosione filiforme.<\/p>\n<p>Il pre-trattamento Seaside \u00e8 in grado non solo di migliorare la pulizia, ma di aumentare anche l\u2019adesione del film di vernice al supporto metallico.[\/vc_column_text][\/vc_column][\/vc_row][vc_row full_width=&#8221;stretch_row&#8221; css=&#8221;.vc_custom_1699441752987{padding-top: 50px !important;background-color: #f7f7f7 !important;}&#8221;][vc_column width=&#8221;1\/2&#8243;][vc_column_text css_animation=&#8221;fadeInLeft&#8221;]<\/p>\n<h4>Certificazione di qualit\u00e0<\/h4>\n<hr \/>\n<p>I materiali trattati sono sottoposti ad un <strong>accurato controllo di produzione e di laboratorio<\/strong>, le lavorazioni avvengono nel rispetto delle specifiche di prodotto QUALICOAT e SEASIDE, certificate dal QUALITAL.[\/vc_column_text][vc_single_image image=&#8221;258&#8243; img_size=&#8221;medium&#8221; alignment=&#8221;center&#8221; css_animation=&#8221;fadeIn&#8221;][\/vc_column][vc_column width=&#8221;1\/2&#8243;][vc_column_text css_animation=&#8221;fadeInRight&#8221;]<\/p>\n<h4>30 anni di garanzia<\/h4>\n<hr \/>\n<p>Il Seaside \u00e8 fornito da inTech automaticamente <strong>senza sovrapprezzo<\/strong>, consentendo di avere una <strong>garanzia di 30 anni sulla verniciatura<\/strong> delle gamme PVC\/Alluminio.[\/vc_column_text][vc_row_inner][vc_column_inner width=&#8221;1\/3&#8243;][\/vc_column_inner][vc_column_inner width=&#8221;1\/3&#8243;][vc_single_image image=&#8221;124&#8243; img_size=&#8221;60&#215;60&#8243; alignment=&#8221;center&#8221; style=&#8221;vc_box_circle_2&#8243; css_animation=&#8221;bounceIn&#8221; css=&#8221;.vc_custom_1699441785682{margin-top: 0px !important;margin-right: 0px !important;margin-bottom: 0px !important;margin-left: 0px !important;padding-top: 0px !important;padding-right: 0px !important;padding-bottom: 0px !important;padding-left: 0px !important;}&#8221;][vc_column_text css_animation=&#8221;fadeInUp&#8221;]<\/p>\n<p style=\"text-align: center;\">PVC\/Alluminio<\/p>\n<p>[\/vc_column_text][\/vc_column_inner][vc_column_inner width=&#8221;1\/3&#8243;][\/vc_column_inner][\/vc_row_inner][\/vc_column][\/vc_row]<\/p>\n<\/section>","protected":false},"excerpt":{"rendered":"<p>[vc_row equal_height=&#8221;yes&#8221; content_placement=&#8221;middle&#8221; css=&#8221;.vc_custom_1699439879367{padding-top: 100px !important;padding-bottom: 80px !important;}&#8221;][vc_column width=&#8221;1\/2&#8243;][vc_single_image image=&#8221;119&#8243; img_size=&#8221;large&#8221; alignment=&#8221;center&#8221; css_animation=&#8221;zoomIn&#8221;][\/vc_column][vc_column width=&#8221;1\/12&#8243;][\/vc_column][vc_column width=&#8221;5\/12&#8243;][vc_column_text css_animation=&#8221;fadeInRight&#8221;] Il trattamento Seaside Applicato alla verniciatura e alle decorazioni dei profili in alluminio, \u00e8 ideale nelle zone altamente industrializzate, nei centri urbani e nelle localit\u00e0 marine, grazie alla sua capacit\u00e0 di ridurre l\u2019azione aggressiva degli agenti atmosferici. Si tratta [&hellip;]<\/p>\n","protected":false},"author":1,"featured_media":0,"parent":0,"menu_order":2,"comment_status":"closed","ping_status":"closed","template":"template_default.php","meta":{"footnotes":""},"class_list":["post-83","page","type-page","status-publish","hentry"],"acf":[],"yoast_head":"<!-- This site is optimized with the Yoast SEO plugin v25.9 - https:\/\/yoast.com\/wordpress\/plugins\/seo\/ -->\n<title>Seaside - inTech S.r.l.<\/title>\n<meta name=\"robots\" content=\"index, follow, max-snippet:-1, max-image-preview:large, max-video-preview:-1\" \/>\n<link rel=\"canonical\" href=\"https:\/\/intechfinestre.it\/index.php\/seaside\/\" \/>\n<meta property=\"og:locale\" content=\"it_IT\" \/>\n<meta property=\"og:type\" content=\"article\" \/>\n<meta property=\"og:title\" content=\"Seaside - inTech S.r.l.\" \/>\n<meta property=\"og:description\" content=\"[vc_row equal_height=&#8221;yes&#8221; content_placement=&#8221;middle&#8221; css=&#8221;.vc_custom_1699439879367{padding-top: 100px !important;padding-bottom: 80px !important;}&#8221;][vc_column width=&#8221;1\/2&#8243;][vc_single_image image=&#8221;119&#8243; img_size=&#8221;large&#8221; alignment=&#8221;center&#8221; css_animation=&#8221;zoomIn&#8221;][\/vc_column][vc_column width=&#8221;1\/12&#8243;][\/vc_column][vc_column width=&#8221;5\/12&#8243;][vc_column_text css_animation=&#8221;fadeInRight&#8221;] Il trattamento Seaside Applicato alla verniciatura e alle decorazioni dei profili in alluminio, \u00e8 ideale nelle zone altamente industrializzate, nei centri urbani e nelle localit\u00e0 marine, grazie alla sua capacit\u00e0 di ridurre l\u2019azione aggressiva degli agenti atmosferici. Si tratta [&hellip;]\" \/>\n<meta property=\"og:url\" content=\"https:\/\/intechfinestre.it\/index.php\/seaside\/\" \/>\n<meta property=\"og:site_name\" content=\"inTech S.r.l.\" \/>\n<meta property=\"article:modified_time\" content=\"2023-11-13T14:24:07+00:00\" \/>\n<meta name=\"twitter:card\" content=\"summary_large_image\" \/>\n<meta name=\"twitter:label1\" content=\"Tempo di lettura stimato\" \/>\n\t<meta name=\"twitter:data1\" content=\"2 minuti\" \/>\n<script type=\"application\/ld+json\" class=\"yoast-schema-graph\">{\"@context\":\"https:\/\/schema.org\",\"@graph\":[{\"@type\":\"WebPage\",\"@id\":\"https:\/\/intechfinestre.it\/index.php\/seaside\/\",\"url\":\"https:\/\/intechfinestre.it\/index.php\/seaside\/\",\"name\":\"Seaside - inTech S.r.l.\",\"isPartOf\":{\"@id\":\"https:\/\/intechfinestre.it\/#website\"},\"datePublished\":\"2023-11-07T16:06:15+00:00\",\"dateModified\":\"2023-11-13T14:24:07+00:00\",\"inLanguage\":\"it-IT\",\"potentialAction\":[{\"@type\":\"ReadAction\",\"target\":[\"https:\/\/intechfinestre.it\/index.php\/seaside\/\"]}]},{\"@type\":\"WebSite\",\"@id\":\"https:\/\/intechfinestre.it\/#website\",\"url\":\"https:\/\/intechfinestre.it\/\",\"name\":\"inTech S.r.l.\",\"description\":\"Finestre Persiane Innovazione\",\"potentialAction\":[{\"@type\":\"SearchAction\",\"target\":{\"@type\":\"EntryPoint\",\"urlTemplate\":\"https:\/\/intechfinestre.it\/?s={search_term_string}\"},\"query-input\":{\"@type\":\"PropertyValueSpecification\",\"valueRequired\":true,\"valueName\":\"search_term_string\"}}],\"inLanguage\":\"it-IT\"}]}<\/script>\n<!-- \/ Yoast SEO plugin. -->","yoast_head_json":{"title":"Seaside - inTech S.r.l.","robots":{"index":"index","follow":"follow","max-snippet":"max-snippet:-1","max-image-preview":"max-image-preview:large","max-video-preview":"max-video-preview:-1"},"canonical":"https:\/\/intechfinestre.it\/index.php\/seaside\/","og_locale":"it_IT","og_type":"article","og_title":"Seaside - inTech S.r.l.","og_description":"[vc_row equal_height=&#8221;yes&#8221; content_placement=&#8221;middle&#8221; css=&#8221;.vc_custom_1699439879367{padding-top: 100px !important;padding-bottom: 80px !important;}&#8221;][vc_column width=&#8221;1\/2&#8243;][vc_single_image image=&#8221;119&#8243; img_size=&#8221;large&#8221; alignment=&#8221;center&#8221; css_animation=&#8221;zoomIn&#8221;][\/vc_column][vc_column width=&#8221;1\/12&#8243;][\/vc_column][vc_column width=&#8221;5\/12&#8243;][vc_column_text css_animation=&#8221;fadeInRight&#8221;] Il trattamento Seaside Applicato alla verniciatura e alle decorazioni dei profili in alluminio, \u00e8 ideale nelle zone altamente industrializzate, nei centri urbani e nelle localit\u00e0 marine, grazie alla sua capacit\u00e0 di ridurre l\u2019azione aggressiva degli agenti atmosferici. Si tratta [&hellip;]","og_url":"https:\/\/intechfinestre.it\/index.php\/seaside\/","og_site_name":"inTech S.r.l.","article_modified_time":"2023-11-13T14:24:07+00:00","twitter_card":"summary_large_image","twitter_misc":{"Tempo di lettura stimato":"2 minuti"},"schema":{"@context":"https:\/\/schema.org","@graph":[{"@type":"WebPage","@id":"https:\/\/intechfinestre.it\/index.php\/seaside\/","url":"https:\/\/intechfinestre.it\/index.php\/seaside\/","name":"Seaside - inTech S.r.l.","isPartOf":{"@id":"https:\/\/intechfinestre.it\/#website"},"datePublished":"2023-11-07T16:06:15+00:00","dateModified":"2023-11-13T14:24:07+00:00","inLanguage":"it-IT","potentialAction":[{"@type":"ReadAction","target":["https:\/\/intechfinestre.it\/index.php\/seaside\/"]}]},{"@type":"WebSite","@id":"https:\/\/intechfinestre.it\/#website","url":"https:\/\/intechfinestre.it\/","name":"inTech S.r.l.","description":"Finestre Persiane Innovazione","potentialAction":[{"@type":"SearchAction","target":{"@type":"EntryPoint","urlTemplate":"https:\/\/intechfinestre.it\/?s={search_term_string}"},"query-input":{"@type":"PropertyValueSpecification","valueRequired":true,"valueName":"search_term_string"}}],"inLanguage":"it-IT"}]}},"_links":{"self":[{"href":"https:\/\/intechfinestre.it\/index.php\/wp-json\/wp\/v2\/pages\/83","targetHints":{"allow":["GET"]}}],"collection":[{"href":"https:\/\/intechfinestre.it\/index.php\/wp-json\/wp\/v2\/pages"}],"about":[{"href":"https:\/\/intechfinestre.it\/index.php\/wp-json\/wp\/v2\/types\/page"}],"author":[{"embeddable":true,"href":"https:\/\/intechfinestre.it\/index.php\/wp-json\/wp\/v2\/users\/1"}],"replies":[{"embeddable":true,"href":"https:\/\/intechfinestre.it\/index.php\/wp-json\/wp\/v2\/comments?post=83"}],"version-history":[{"count":7,"href":"https:\/\/intechfinestre.it\/index.php\/wp-json\/wp\/v2\/pages\/83\/revisions"}],"predecessor-version":[{"id":260,"href":"https:\/\/intechfinestre.it\/index.php\/wp-json\/wp\/v2\/pages\/83\/revisions\/260"}],"wp:attachment":[{"href":"https:\/\/intechfinestre.it\/index.php\/wp-json\/wp\/v2\/media?parent=83"}],"curies":[{"name":"wp","href":"https:\/\/api.w.org\/{rel}","templated":true}]}}